{"id":2960,"date":"2025-02-19T17:08:51","date_gmt":"2025-02-19T17:08:51","guid":{"rendered":"https:\/\/nativol21.sg-host.com\/about-us\/"},"modified":"2025-03-25T17:45:03","modified_gmt":"2025-03-25T17:45:03","slug":"sobre-nosotros","status":"publish","type":"page","link":"https:\/\/genuinecr.com\/es\/sobre-nosotros\/","title":{"rendered":"Sobre Nosotros"},"content":{"rendered":"\t\t<div data-elementor-type=\"wp-page\" data-elementor-id=\"2960\" class=\"elementor elementor-2960 elementor-1781\" data-elementor-post-type=\"page\">\n\t\t\t\t<div class=\"elementor-element elementor-element-14c77ddb hero-header e-flex e-con-boxed e-con e-parent\" data-id=\"14c77ddb\" data-element_type=\"container\" data-e-type=\"container\" data-settings=\"{&quot;background_background&quot;:&quot;classic&quot;}\">\n\t\t\t\t\t<div class=\"e-con-inner\">\n\t\t<div class=\"elementor-element elementor-element-76644aa5 e-con-full e-flex e-con e-child\" data-id=\"76644aa5\" data-element_type=\"container\" data-e-type=\"container\">\n\t\t\t\t<div class=\"elementor-element elementor-element-0dbab31 tight-title green-text elementor-widget elementor-widget-heading\" data-id=\"0dbab31\" data-element_type=\"widget\" data-e-type=\"widget\" data-widget_type=\"heading.default\">\n\t\t\t\t<div class=\"elementor-widget-container\">\n\t\t\t\t\t<h2 class=\"elementor-heading-title elementor-size-default\"><span style=\"margin-left: initial;margin-bottom: -10px\">Conoce a<\/span>\n<strong>Genuine<\/strong>\n<em>Costa Rica<\/em><\/h2>\t\t\t\t<\/div>\n\t\t\t\t<\/div>\n\t\t\t\t<\/div>\n\t\t\t\t\t<\/div>\n\t\t\t\t<\/div>\n\t\t<div class=\"elementor-element elementor-element-11eb7dc3 white-border-texture-up e-flex e-con-boxed e-con e-parent\" data-id=\"11eb7dc3\" data-element_type=\"container\" data-e-type=\"container\">\n\t\t\t\t\t<div class=\"e-con-inner\">\n\t\t\t\t\t<\/div>\n\t\t\t\t<\/div>\n\t\t<div class=\"elementor-element elementor-element-350d64d4 e-flex e-con-boxed e-con e-parent\" data-id=\"350d64d4\" data-element_type=\"container\" data-e-type=\"container\" data-settings=\"{&quot;background_background&quot;:&quot;classic&quot;}\">\n\t\t\t\t\t<div class=\"e-con-inner\">\n\t\t<div class=\"elementor-element elementor-element-e4ee1aa e-con-full e-flex e-con e-child\" data-id=\"e4ee1aa\" data-element_type=\"container\" data-e-type=\"container\">\n\t\t\t\t<div class=\"elementor-element elementor-element-af1d02b elementor-widget elementor-widget-text-editor\" data-id=\"af1d02b\" data-element_type=\"widget\" data-e-type=\"widget\" data-widget_type=\"text-editor.default\">\n\t\t\t\t<div class=\"elementor-widget-container\">\n\t\t\t\t\t\t\t\t\t<p style=\"max-width: 716px;\"><span style=\"font-weight: 400;\">En <\/span><b>Genuine Costa Rica<\/b><span style=\"font-weight: 400;\">, te invitamos a descubrir el coraz\u00f3n de nuestro hogar, donde la belleza de la naturaleza y la riqueza de la cultura local se fusionan. Como locales de la Pen\u00ednsula de Nicoya, estamos profundamente conectados con la tierra y queremos compartir esa conexi\u00f3n contigo.<\/span><\/p><p><span style=\"font-weight: 400;\">\u00a1\u00danete a nosotros y con\u00e9ctate con la naturaleza, la gente y las historias de Costa Rica de una manera aut\u00e9ntica!<\/span><\/p>\t\t\t\t\t\t\t\t<\/div>\n\t\t\t\t<\/div>\n\t\t\t\t<\/div>\n\t\t\t\t\t<\/div>\n\t\t\t\t<\/div>\n\t\t<div class=\"elementor-element elementor-element-19eadfa2 e-flex e-con-boxed e-con e-parent\" data-id=\"19eadfa2\" data-element_type=\"container\" data-e-type=\"container\" data-settings=\"{&quot;background_background&quot;:&quot;classic&quot;}\">\n\t\t\t\t\t<div class=\"e-con-inner\">\n\t\t<div class=\"elementor-element elementor-element-7af256b4 e-con-full e-flex e-con e-child\" data-id=\"7af256b4\" data-element_type=\"container\" data-e-type=\"container\" data-settings=\"{&quot;background_background&quot;:&quot;classic&quot;}\">\n\t\t\t\t<div class=\"elementor-element elementor-element-2f0f70fe geniune-title green-text elementor-widget elementor-widget-heading\" data-id=\"2f0f70fe\" data-element_type=\"widget\" data-e-type=\"widget\" data-widget_type=\"heading.default\">\n\t\t\t\t<div class=\"elementor-widget-container\">\n\t\t\t\t\t<h2 class=\"elementor-heading-title elementor-size-default\"><span style='margin-bottom: -25px'>Nuestra Historia<\/span>\n<strong style=\"margin-left: -20px;margin-bottom: 10px\">Genuinos<\/strong>\n<span>locales y aut\u00e9nticamente arraigados!<\/span><\/h2>\t\t\t\t<\/div>\n\t\t\t\t<\/div>\n\t\t\t\t<div class=\"elementor-element elementor-element-1c5176ef elementor-widget elementor-widget-text-editor\" data-id=\"1c5176ef\" data-element_type=\"widget\" data-e-type=\"widget\" data-widget_type=\"text-editor.default\">\n\t\t\t\t<div class=\"elementor-widget-container\">\n\t\t\t\t\t\t\t\t\t<p data-start=\"0\" data-end=\"121\">Nuestra historia comenz\u00f3 con la visi\u00f3n de <strong>compartir la belleza sin filtros de la cultura y la naturaleza de nuestro pa\u00eds<\/strong>.<\/p><p data-start=\"123\" data-end=\"462\">En 2018, nos mudamos de la tranquila comunidad de Islita, en el sur de Guanacaste, a Liberia, en el norte, en busca de nuevas oportunidades para nuestra familia y negocio. Esta transici\u00f3n dio paso al renacimiento de Bejuco Authentic, un emprendimiento basado en nuestra pasi\u00f3n por llevar experiencias aut\u00e9nticas de Costa Rica al mundo.<\/p><p data-start=\"464\" data-end=\"865\">En 2020, tuvimos la oportunidad de gestionar Eco Camping Papagayo en la Playa Panam\u00e1. Esto nos conect\u00f3 con comunidades locales y emprendedores, lo que impuls\u00f3 la creaci\u00f3n de <strong data-start=\"642\" data-end=\"664\">Genuine Costa Rica<\/strong>. Nuestra misi\u00f3n se hizo clara: ofrecer a los viajeros experiencias genuinas mientras empoderamos a los emprendedores locales que ten\u00edan el potencial, pero necesitaban apoyo para compartir sus ofertas.<\/p><p data-start=\"867\" data-end=\"1047\">Desde entonces, nos hemos enfocado en promover el turismo sostenible, ayudar a proyectos de ecoturismo menos conocidos a ganar visibilidad y trabajar junto a microempresas locales.<\/p><p data-start=\"1049\" data-end=\"1369\" data-is-last-node=\"\" data-is-only-node=\"\">Hoy, <strong data-start=\"1054\" data-end=\"1076\">Genuine Costa Rica<\/strong> representa el coraz\u00f3n del emprendimiento local, la sostenibilidad y la autenticidad. Continuamos inspirados por nuestras ra\u00edces y, a trav\u00e9s de nuestros esfuerzos, buscamos ofrecer a los viajeros experiencias que honren la tierra, la biodiversidad y las personas que llaman hogar a este lugar.<\/p>\t\t\t\t\t\t\t\t<\/div>\n\t\t\t\t<\/div>\n\t\t\t\t<\/div>\n\t\t\t\t\t<\/div>\n\t\t\t\t<\/div>\n\t\t<div class=\"elementor-element elementor-element-5df5f241 e-flex e-con-boxed e-con e-parent\" data-id=\"5df5f241\" data-element_type=\"container\" data-e-type=\"container\">\n\t\t\t\t\t<div class=\"e-con-inner\">\n\t\t<div class=\"elementor-element elementor-element-1adf47c e-con-full e-flex e-con e-child\" data-id=\"1adf47c\" data-element_type=\"container\" data-e-type=\"container\">\n\t\t\t\t<div class=\"elementor-element elementor-element-fef67c8 elementor-widget elementor-widget-image\" data-id=\"fef67c8\" data-element_type=\"widget\" data-e-type=\"widget\" data-widget_type=\"image.default\">\n\t\t\t\t<div class=\"elementor-widget-container\">\n\t\t\t\t\t\t\t\t\t\t\t\t\t\t\t<img fetchpriority=\"high\" decoding=\"async\" width=\"784\" height=\"525\" src=\"https:\/\/genuinecr.com\/wp-content\/uploads\/2025\/02\/genuine-team.png\" class=\"attachment-2048x2048 size-2048x2048 wp-image-2941\" alt=\"\" srcset=\"https:\/\/genuinecr.com\/wp-content\/uploads\/2025\/02\/genuine-team.png 784w, https:\/\/genuinecr.com\/wp-content\/uploads\/2025\/02\/genuine-team-300x201.png 300w, https:\/\/genuinecr.com\/wp-content\/uploads\/2025\/02\/genuine-team-768x514.png 768w\" sizes=\"(max-width: 784px) 100vw, 784px\" \/>\t\t\t\t\t\t\t\t\t\t\t\t\t\t\t<\/div>\n\t\t\t\t<\/div>\n\t\t\t\t<\/div>\n\t\t<div class=\"elementor-element elementor-element-09bfafc e-con-full e-flex e-con e-child\" data-id=\"09bfafc\" data-element_type=\"container\" data-e-type=\"container\">\n\t\t\t\t<div class=\"elementor-element elementor-element-7f228c07 green-text elementor-widget elementor-widget-heading\" data-id=\"7f228c07\" data-element_type=\"widget\" data-e-type=\"widget\" data-widget_type=\"heading.default\">\n\t\t\t\t<div class=\"elementor-widget-container\">\n\t\t\t\t\t<h2 class=\"elementor-heading-title elementor-size-default\"><span style=\"margin-bottom: -40px\">Qui\u00e9nes<\/span>\n<strong>Somos<\/strong>\n<\/h2>\t\t\t\t<\/div>\n\t\t\t\t<\/div>\n\t\t\t\t<div class=\"elementor-element elementor-element-2e0f37e6 elementor-widget elementor-widget-text-editor\" data-id=\"2e0f37e6\" data-element_type=\"widget\" data-e-type=\"widget\" data-widget_type=\"text-editor.default\">\n\t\t\t\t<div class=\"elementor-widget-container\">\n\t\t\t\t\t\t\t\t\t<p data-start=\"0\" data-end=\"249\">Somos un equipo de locales apasionados que nos importa profundamente compartir la verdadera esencia de nuestro pa\u00eds. Ofrecemos experiencias ecol\u00f3gicas que te invitan a disfrutar de la belleza de los paisajes de Costa Rica y la calidez de su cultura.<\/p><p data-start=\"251\" data-end=\"477\" data-is-last-node=\"\" data-is-only-node=\"\">A trav\u00e9s de nuestro trabajo, buscamos apoyar a las comunidades locales, d\u00e1ndoles una plataforma para compartir su cultura, productos e historias, asegurando que quienes viven aqu\u00ed sientan los beneficios del turismo sostenible.<\/p>\t\t\t\t\t\t\t\t<\/div>\n\t\t\t\t<\/div>\n\t\t\t\t<\/div>\n\t\t\t\t\t<\/div>\n\t\t\t\t<\/div>\n\t\t<div class=\"elementor-element elementor-element-3b01eb56 section-reasons-choice e-flex e-con-boxed e-con e-parent\" data-id=\"3b01eb56\" data-element_type=\"container\" data-e-type=\"container\" data-settings=\"{&quot;background_background&quot;:&quot;classic&quot;}\">\n\t\t\t\t\t<div class=\"e-con-inner\">\n\t\t\t\t<div class=\"elementor-element elementor-element-7b305bf green-text elementor-widget elementor-widget-heading\" data-id=\"7b305bf\" data-element_type=\"widget\" data-e-type=\"widget\" data-widget_type=\"heading.default\">\n\t\t\t\t<div class=\"elementor-widget-container\">\n\t\t\t\t\t<h2 class=\"elementor-heading-title elementor-size-default\"><span style=\"margin-bottom: -10px\">Que<\/span>\n<strong>Hacemos<\/strong>\n<\/h2>\t\t\t\t<\/div>\n\t\t\t\t<\/div>\n\t\t\t\t<div class=\"elementor-element elementor-element-48d5b1b elementor-widget elementor-widget-text-editor\" data-id=\"48d5b1b\" data-element_type=\"widget\" data-e-type=\"widget\" data-widget_type=\"text-editor.default\">\n\t\t\t\t<div class=\"elementor-widget-container\">\n\t\t\t\t\t\t\t\t\t<p style=\"max-width: 800px;\">Adem\u00e1s de ofrecer experiencias extraordinarias, proporcionamos servicios de transporte terrestre desde el aeropuerto hasta tu alojamiento y entre destinos, garantizando un viaje sin complicaciones.<\/p>\n<p style=\"max-width: 800px;\">Si a\u00fan no tienes un itinerario definido, nos especializamos en personalizar planes de viaje seg\u00fan tus intereses, presupuesto y objetivos, para que puedas aprovechar al m\u00e1ximo tu experiencia.<\/p>\t\t\t\t\t\t\t\t<\/div>\n\t\t\t\t<\/div>\n\t\t<div class=\"elementor-element elementor-element-7548c0c7 popular-destinations e-con-full e-flex e-con e-child\" data-id=\"7548c0c7\" data-element_type=\"container\" data-e-type=\"container\">\n\t\t<div class=\"elementor-element elementor-element-b1e9450 e-con-full e-flex e-con e-child\" data-id=\"b1e9450\" data-element_type=\"container\" data-e-type=\"container\" data-settings=\"{&quot;background_background&quot;:&quot;classic&quot;}\">\n\t\t\t\t<div class=\"elementor-element elementor-element-dc352ac elementor-widget elementor-widget-image\" data-id=\"dc352ac\" data-element_type=\"widget\" data-e-type=\"widget\" data-widget_type=\"image.default\">\n\t\t\t\t<div class=\"elementor-widget-container\">\n\t\t\t\t\t\t\t\t\t\t\t\t\t\t\t<img decoding=\"async\" width=\"581\" height=\"416\" src=\"https:\/\/genuinecr.com\/wp-content\/uploads\/2025\/02\/canopy.png\" class=\"attachment-large size-large wp-image-2938\" alt=\"\" srcset=\"https:\/\/genuinecr.com\/wp-content\/uploads\/2025\/02\/canopy.png 581w, https:\/\/genuinecr.com\/wp-content\/uploads\/2025\/02\/canopy-300x215.png 300w\" sizes=\"(max-width: 581px) 100vw, 581px\" \/>\t\t\t\t\t\t\t\t\t\t\t\t\t\t\t<\/div>\n\t\t\t\t<\/div>\n\t\t\t\t<div class=\"elementor-element elementor-element-aa3e7d8 elementor-widget elementor-widget-heading\" data-id=\"aa3e7d8\" data-element_type=\"widget\" data-e-type=\"widget\" data-widget_type=\"heading.default\">\n\t\t\t\t<div class=\"elementor-widget-container\">\n\t\t\t\t\t<h4 class=\"elementor-heading-title elementor-size-default\">Aventuras cuidadosamente dise\u00f1adas<\/h4>\t\t\t\t<\/div>\n\t\t\t\t<\/div>\n\t\t\t\t<div class=\"elementor-element elementor-element-d29ec74 elementor-widget elementor-widget-text-editor\" data-id=\"d29ec74\" data-element_type=\"widget\" data-e-type=\"widget\" data-widget_type=\"text-editor.default\">\n\t\t\t\t<div class=\"elementor-widget-container\">\n\t\t\t\t\t\t\t\t\t<p data-start=\"0\" data-end=\"166\">Cada aventura que ofrecemos est\u00e1 dise\u00f1ada con prop\u00f3sito y pasi\u00f3n, enfocada en crear experiencias memorables que podr\u00e1s llevar contigo despu\u00e9s de que tu viaje termine.<\/p><p data-start=\"168\" data-end=\"346\" data-is-last-node=\"\" data-is-only-node=\"\">Buscamos los tesoros ocultos de Costa Rica, lugares alejados de las rutas tur\u00edsticas comunes, donde podr\u00e1s disfrutar de la paz y descubrir la aut\u00e9ntica esencia de nuestra tierra.<\/p>\t\t\t\t\t\t\t\t<\/div>\n\t\t\t\t<\/div>\n\t\t\t\t<\/div>\n\t\t<div class=\"elementor-element elementor-element-5ad27d7 e-con-full e-flex e-con e-child\" data-id=\"5ad27d7\" data-element_type=\"container\" data-e-type=\"container\" data-settings=\"{&quot;background_background&quot;:&quot;classic&quot;}\">\n\t\t\t\t<div class=\"elementor-element elementor-element-bf152af elementor-widget elementor-widget-image\" data-id=\"bf152af\" data-element_type=\"widget\" data-e-type=\"widget\" data-widget_type=\"image.default\">\n\t\t\t\t<div class=\"elementor-widget-container\">\n\t\t\t\t\t\t\t\t\t\t\t\t\t\t\t<img decoding=\"async\" width=\"581\" height=\"416\" src=\"https:\/\/genuinecr.com\/wp-content\/uploads\/2025\/02\/women-poas-volcano.png\" class=\"attachment-large size-large wp-image-2939\" alt=\"\" srcset=\"https:\/\/genuinecr.com\/wp-content\/uploads\/2025\/02\/women-poas-volcano.png 581w, https:\/\/genuinecr.com\/wp-content\/uploads\/2025\/02\/women-poas-volcano-300x215.png 300w\" sizes=\"(max-width: 581px) 100vw, 581px\" \/>\t\t\t\t\t\t\t\t\t\t\t\t\t\t\t<\/div>\n\t\t\t\t<\/div>\n\t\t\t\t<div class=\"elementor-element elementor-element-dc175a7 elementor-widget elementor-widget-heading\" data-id=\"dc175a7\" data-element_type=\"widget\" data-e-type=\"widget\" data-widget_type=\"heading.default\">\n\t\t\t\t<div class=\"elementor-widget-container\">\n\t\t\t\t\t<h4 class=\"elementor-heading-title elementor-size-default\">Conexiones aut\u00e9nticas con la naturaleza y la cultura<\/h4>\t\t\t\t<\/div>\n\t\t\t\t<\/div>\n\t\t\t\t<div class=\"elementor-element elementor-element-1f23cef elementor-widget elementor-widget-text-editor\" data-id=\"1f23cef\" data-element_type=\"widget\" data-e-type=\"widget\" data-widget_type=\"text-editor.default\">\n\t\t\t\t<div class=\"elementor-widget-container\">\n\t\t\t\t\t\t\t\t\t<p data-start=\"0\" data-end=\"206\">Nuestros tours cubren destinos populares, mostrando la belleza de los paisajes y la vida silvestre de Costa Rica, y tambi\u00e9n ofrecen experiencias m\u00e1s inmersivas que te llevan m\u00e1s all\u00e1 de los lugares comunes.<\/p><p data-start=\"208\" data-end=\"459\" data-is-last-node=\"\" data-is-only-node=\"\">Estos tours est\u00e1n dise\u00f1ados para ayudarte a conectar profundamente con la cultura y el entorno de Costa Rica, explorando \u00e1reas menos conocidas, interactuando con las comunidades locales y aprendiendo sobre las tradiciones que han formado nuestro pa\u00eds.<\/p>\t\t\t\t\t\t\t\t<\/div>\n\t\t\t\t<\/div>\n\t\t\t\t<\/div>\n\t\t<div class=\"elementor-element elementor-element-48dd284 e-con-full e-flex e-con e-child\" data-id=\"48dd284\" data-element_type=\"container\" data-e-type=\"container\" data-settings=\"{&quot;background_background&quot;:&quot;classic&quot;}\">\n\t\t\t\t<div class=\"elementor-element elementor-element-5010bfe elementor-widget elementor-widget-image\" data-id=\"5010bfe\" data-element_type=\"widget\" data-e-type=\"widget\" data-widget_type=\"image.default\">\n\t\t\t\t<div class=\"elementor-widget-container\">\n\t\t\t\t\t\t\t\t\t\t\t\t\t\t\t<img loading=\"lazy\" decoding=\"async\" width=\"581\" height=\"416\" src=\"https:\/\/genuinecr.com\/wp-content\/uploads\/2025\/02\/frog-jungle.png\" class=\"attachment-large size-large wp-image-2940\" alt=\"\" srcset=\"https:\/\/genuinecr.com\/wp-content\/uploads\/2025\/02\/frog-jungle.png 581w, https:\/\/genuinecr.com\/wp-content\/uploads\/2025\/02\/frog-jungle-300x215.png 300w\" sizes=\"(max-width: 581px) 100vw, 581px\" \/>\t\t\t\t\t\t\t\t\t\t\t\t\t\t\t<\/div>\n\t\t\t\t<\/div>\n\t\t\t\t<div class=\"elementor-element elementor-element-8128833 elementor-widget elementor-widget-heading\" data-id=\"8128833\" data-element_type=\"widget\" data-e-type=\"widget\" data-widget_type=\"heading.default\">\n\t\t\t\t<div class=\"elementor-widget-container\">\n\t\t\t\t\t<h4 class=\"elementor-heading-title elementor-size-default\">Viaje consciente a trav\u00e9s de las maravillas naturales de Costa Rica<\/h4>\t\t\t\t<\/div>\n\t\t\t\t<\/div>\n\t\t\t\t<div class=\"elementor-element elementor-element-7c6b315 elementor-widget elementor-widget-text-editor\" data-id=\"7c6b315\" data-element_type=\"widget\" data-e-type=\"widget\" data-widget_type=\"text-editor.default\">\n\t\t\t\t<div class=\"elementor-widget-container\">\n\t\t\t\t\t\t\t\t\t<p data-start=\"0\" data-end=\"285\">Nos enfocamos en un viaje respetuoso que honra la tierra, la vida silvestre y las comunidades locales. Nuestro enfoque sostenible asegura que tu experiencia deje un impacto m\u00ednimo en el medio ambiente, permiti\u00e9ndote conectarte con la belleza natural de Costa Rica de manera consciente.<\/p><p data-start=\"287\" data-end=\"509\" data-is-last-node=\"\" data-is-only-node=\"\">Nuestros tours despiertan todos tus sentidos con los sonidos de aves tropicales, avistamientos de fauna vibrante y la fresca brisa de las cascadas. Cada momento est\u00e1 dise\u00f1ado para profundizar tu conexi\u00f3n con la naturaleza.<\/p>\t\t\t\t\t\t\t\t<\/div>\n\t\t\t\t<\/div>\n\t\t\t\t<\/div>\n\t\t\t\t<\/div>\n\t\t\t\t\t<\/div>\n\t\t\t\t<\/div>\n\t\t<div class=\"elementor-element elementor-element-109bcd11 section-most-popular e-flex e-con-boxed e-con e-parent\" data-id=\"109bcd11\" data-element_type=\"container\" data-e-type=\"container\">\n\t\t\t\t\t<div class=\"e-con-inner\">\n\t\t\t\t<div class=\"elementor-element elementor-element-4982f35c tight-title tight-title-center elementor-widget elementor-widget-heading\" data-id=\"4982f35c\" data-element_type=\"widget\" data-e-type=\"widget\" data-widget_type=\"heading.default\">\n\t\t\t\t<div class=\"elementor-widget-container\">\n\t\t\t\t\t<h2 class=\"elementor-heading-title elementor-size-default\"><span style=\"max-width: 315px;margin-left: -177px;margin-bottom: 20px\">Conoc\u00e9<\/span>\n<strong class=\"font-blue\">al Equipo<\/strong>\n<\/h2>\t\t\t\t<\/div>\n\t\t\t\t<\/div>\n\t\t<div class=\"elementor-element elementor-element-913c85b e-con-full e-flex e-con e-child\" data-id=\"913c85b\" data-element_type=\"container\" data-e-type=\"container\">\n\t\t<div class=\"elementor-element elementor-element-a5abe8d e-con-full e-flex e-con e-child\" data-id=\"a5abe8d\" data-element_type=\"container\" data-e-type=\"container\">\n\t\t\t\t<div class=\"elementor-element elementor-element-a3efaf4 elementor-position-top elementor-widget elementor-widget-image-box\" data-id=\"a3efaf4\" data-element_type=\"widget\" data-e-type=\"widget\" data-widget_type=\"image-box.default\">\n\t\t\t\t<div class=\"elementor-widget-container\">\n\t\t\t\t\t<div class=\"elementor-image-box-wrapper\"><figure class=\"elementor-image-box-img\"><img loading=\"lazy\" decoding=\"async\" width=\"285\" height=\"295\" src=\"https:\/\/genuinecr.com\/wp-content\/uploads\/2025\/02\/blank-profile.png\" class=\"attachment-full size-full wp-image-1912\" alt=\"\" \/><\/figure><div class=\"elementor-image-box-content\"><h3 class=\"elementor-image-box-title\">Marco Vinicio Alvarado Mora<\/h3><p class=\"elementor-image-box-description\">Gesti\u00f3n General y de Operaciones<\/p><\/div><\/div>\t\t\t\t<\/div>\n\t\t\t\t<\/div>\n\t\t\t\t<\/div>\n\t\t<div class=\"elementor-element elementor-element-c30717e e-con-full e-flex e-con e-child\" data-id=\"c30717e\" data-element_type=\"container\" data-e-type=\"container\">\n\t\t\t\t<div class=\"elementor-element elementor-element-cd97306 elementor-position-top elementor-widget elementor-widget-image-box\" data-id=\"cd97306\" data-element_type=\"widget\" data-e-type=\"widget\" data-widget_type=\"image-box.default\">\n\t\t\t\t<div class=\"elementor-widget-container\">\n\t\t\t\t\t<div class=\"elementor-image-box-wrapper\"><figure class=\"elementor-image-box-img\"><img loading=\"lazy\" decoding=\"async\" width=\"285\" height=\"295\" src=\"https:\/\/genuinecr.com\/wp-content\/uploads\/2025\/02\/blank-profile.png\" class=\"attachment-full size-full wp-image-1912\" alt=\"\" \/><\/figure><div class=\"elementor-image-box-content\"><h3 class=\"elementor-image-box-title\">Vielka Urbina Brice\u00f1o<\/h3><p class=\"elementor-image-box-description\">Gesti\u00f3n Administrativa y Comercial<\/p><\/div><\/div>\t\t\t\t<\/div>\n\t\t\t\t<\/div>\n\t\t\t\t<\/div>\n\t\t\t\t<\/div>\n\t\t\t\t\t<\/div>\n\t\t\t\t<\/div>\n\t\t\t\t<\/div>\n\t\t","protected":false},"excerpt":{"rendered":"<p>Conoce a Genuine Costa Rica En Genuine Costa Rica, te invitamos a descubrir el coraz\u00f3n de nuestro hogar, donde la belleza de la naturaleza y la riqueza de la cultura local se fusionan. Como locales de la Pen\u00ednsula de Nicoya, estamos profundamente conectados con la tierra y queremos compartir esa conexi\u00f3n contigo. \u00a1\u00danete a nosotros [&hellip;]<\/p>\n","protected":false},"author":2,"featured_media":0,"parent":0,"menu_order":0,"comment_status":"closed","ping_status":"closed","template":"","meta":{"footnotes":""},"class_list":["post-2960","page","type-page","status-publish","hentry"],"_links":{"self":[{"href":"https:\/\/genuinecr.com\/es\/wp-json\/wp\/v2\/pages\/2960","targetHints":{"allow":["GET"]}}],"collection":[{"href":"https:\/\/genuinecr.com\/es\/wp-json\/wp\/v2\/pages"}],"about":[{"href":"https:\/\/genuinecr.com\/es\/wp-json\/wp\/v2\/types\/page"}],"author":[{"embeddable":true,"href":"https:\/\/genuinecr.com\/es\/wp-json\/wp\/v2\/users\/2"}],"replies":[{"embeddable":true,"href":"https:\/\/genuinecr.com\/es\/wp-json\/wp\/v2\/comments?post=2960"}],"version-history":[{"count":40,"href":"https:\/\/genuinecr.com\/es\/wp-json\/wp\/v2\/pages\/2960\/revisions"}],"predecessor-version":[{"id":3929,"href":"https:\/\/genuinecr.com\/es\/wp-json\/wp\/v2\/pages\/2960\/revisions\/3929"}],"wp:attachment":[{"href":"https:\/\/genuinecr.com\/es\/wp-json\/wp\/v2\/media?parent=2960"}],"curies":[{"name":"wp","href":"https:\/\/api.w.org\/{rel}","templated":true}]}}